{"id":808,"date":"2022-12-19T19:32:16","date_gmt":"2022-12-19T18:32:16","guid":{"rendered":"https:\/\/louvedeslunes.com\/?page_id=808"},"modified":"2023-11-14T13:54:23","modified_gmt":"2023-11-14T12:54:23","slug":"mama-blessing","status":"publish","type":"page","link":"https:\/\/louvedeslunes.com\/index.php\/mama-blessing\/","title":{"rendered":""},"content":{"rendered":"\n<div class=\"wp-block-media-text is-stacked-on-mobile\"><figure class=\"wp-block-media-text__media\"><img loading=\"lazy\" decoding=\"async\" width=\"1024\" height=\"1024\" src=\"http:\/\/louvedeslunes.com\/wp-content\/uploads\/2023\/02\/2_20230206_102919_0001-1024x1024.png\" alt=\"\" class=\"wp-image-1058 size-full\" srcset=\"https:\/\/louvedeslunes.com\/wp-content\/uploads\/2023\/02\/2_20230206_102919_0001-1024x1024.png 1024w, https:\/\/louvedeslunes.com\/wp-content\/uploads\/2023\/02\/2_20230206_102919_0001-300x300.png 300w, https:\/\/louvedeslunes.com\/wp-content\/uploads\/2023\/02\/2_20230206_102919_0001-150x150.png 150w, https:\/\/louvedeslunes.com\/wp-content\/uploads\/2023\/02\/2_20230206_102919_0001-768x768.png 768w, https:\/\/louvedeslunes.com\/wp-content\/uploads\/2023\/02\/2_20230206_102919_0001.png 1080w\" sizes=\"auto, (max-width: 1024px) 100vw, 1024px\" \/><\/figure><div class=\"wp-block-media-text__content\">\n<h4 class=\"wp-block-heading\">\ud80c\uddec Mama Blessing \ud80c\uddec<\/h4>\n\n\n\n<h6 class=\"wp-block-heading\">Rituel en l\u2019honneur de la future maman,<\/h6>\n\n\n\n<p>Entour\u00e9e d\u2019autres femmes.<\/p>\n\n\n\n<p>Cette c\u00e9r\u00e9monie est facilit\u00e9e par une autre femme que la maman, la doula par exemple.<\/p>\n\n\n\n<p>On commence le rituel par des activit\u00e9s qui cr\u00e9\u00e9 le lien entre les femmes.Ensuite on c\u00e9l\u00e9brera la future maman avec des massages, des attentions,\u2026<br><br>On lui donne confiance en son pouvoir.<\/p>\n\n\n\n<p>Pour finir la c\u00e9r\u00e9monie, les moments seront ax\u00e9s sur des activit\u00e9s qui projettent la maman dans son avenir.<\/p>\n\n\n\n<p>On cl\u00f4ture en g\u00e9n\u00e9ral le blessing way par un repas toutes ensemble.<\/p>\n\n\n\n<p>\u263d\u00a0<strong>350\u20ac<\/strong> \u263e<\/p>\n<\/div><\/div>\n\n\n\n<blockquote class=\"wp-block-quote is-layout-flow wp-block-quote-is-layout-flow\">\n<p><\/p>\n<cite>Louve des Lunes a orchestr\u00e9 et organis\u00e9 avec ma meilleure amie ma Blessing Mama et je ne lui dirai jamais assez merci! J&#8217;ai pass\u00e9 une merveilleuse apr\u00e8s-midi entour\u00e9e des femmes les plus importantes pour moi. J&#8217;ai beaucoup appr\u00e9ci\u00e9 toutes les activit\u00e9s, le massage, &#8230; Je me sens bien entour\u00e9e, rassur\u00e9e et assez forte pour accueillir mon b\u00e9b\u00e9.<br>S.<\/cite><\/blockquote>\n","protected":false},"excerpt":{"rendered":"<p>\ud80c\uddec Mama Blessing \ud80c\uddec Rituel en l\u2019honneur de la future maman, Entour\u00e9e d\u2019autres femmes. Cette c\u00e9r\u00e9monie est facilit\u00e9e par une autre femme que la maman, la doula par exemple. On commence le rituel par des activit\u00e9s qui cr\u00e9\u00e9 le lien entre les femmes.Ensuite on c\u00e9l\u00e9brera la future maman avec des massages, des attentions,\u2026 On lui <a class=\"read-more\" href=\"https:\/\/louvedeslunes.com\/index.php\/mama-blessing\/\">READ MORE<\/a><\/p>\n","protected":false},"author":1,"featured_media":0,"parent":0,"menu_order":0,"comment_status":"closed","ping_status":"closed","template":"page-templates\/full-width-page.php","meta":{"footnotes":""},"class_list":["post-808","page","type-page","status-publish","hentry"],"_links":{"self":[{"href":"https:\/\/louvedeslunes.com\/index.php\/wp-json\/wp\/v2\/pages\/808","targetHints":{"allow":["GET"]}}],"collection":[{"href":"https:\/\/louvedeslunes.com\/index.php\/wp-json\/wp\/v2\/pages"}],"about":[{"href":"https:\/\/louvedeslunes.com\/index.php\/wp-json\/wp\/v2\/types\/page"}],"author":[{"embeddable":true,"href":"https:\/\/louvedeslunes.com\/index.php\/wp-json\/wp\/v2\/users\/1"}],"replies":[{"embeddable":true,"href":"https:\/\/louvedeslunes.com\/index.php\/wp-json\/wp\/v2\/comments?post=808"}],"version-history":[{"count":0,"href":"https:\/\/louvedeslunes.com\/index.php\/wp-json\/wp\/v2\/pages\/808\/revisions"}],"wp:attachment":[{"href":"https:\/\/louvedeslunes.com\/index.php\/wp-json\/wp\/v2\/media?parent=808"}],"curies":[{"name":"wp","href":"https:\/\/api.w.org\/{rel}","templated":true}]}}