{"id":805,"date":"2022-12-19T19:32:04","date_gmt":"2022-12-19T18:32:04","guid":{"rendered":"https:\/\/louvedeslunes.com\/?page_id=805"},"modified":"2023-11-14T13:51:53","modified_gmt":"2023-11-14T12:51:53","slug":"essai-de-portage-en-condition-reelle","status":"publish","type":"page","link":"https:\/\/louvedeslunes.com\/index.php\/essai-de-portage-en-condition-reelle\/","title":{"rendered":""},"content":{"rendered":"\n<div class=\"wp-block-media-text is-stacked-on-mobile\"><figure class=\"wp-block-media-text__media\"><img loading=\"lazy\" decoding=\"async\" width=\"1024\" height=\"1024\" src=\"http:\/\/louvedeslunes.com\/wp-content\/uploads\/2023\/02\/11_20230210_160720_0010-1024x1024.png\" alt=\"\" class=\"wp-image-1145 size-full\" srcset=\"https:\/\/louvedeslunes.com\/wp-content\/uploads\/2023\/02\/11_20230210_160720_0010-1024x1024.png 1024w, https:\/\/louvedeslunes.com\/wp-content\/uploads\/2023\/02\/11_20230210_160720_0010-300x300.png 300w, https:\/\/louvedeslunes.com\/wp-content\/uploads\/2023\/02\/11_20230210_160720_0010-150x150.png 150w, https:\/\/louvedeslunes.com\/wp-content\/uploads\/2023\/02\/11_20230210_160720_0010-768x768.png 768w, https:\/\/louvedeslunes.com\/wp-content\/uploads\/2023\/02\/11_20230210_160720_0010.png 1080w\" sizes=\"auto, (max-width: 1024px) 100vw, 1024px\" \/><\/figure><div class=\"wp-block-media-text__content\">\n<h4 class=\"wp-block-heading\">Essai de portage en condition r\u00e9elle<\/h4>\n\n\n\n<h5 class=\"wp-block-heading\">Nous vous proposons un essai de portage lors d\u2019une balade qui vous permettra de tester le portage dans de r\u00e9elles conditions et de trouver le porte b\u00e9b\u00e9 le plus adapt\u00e9 \u00e0 vous et votre enfant. Il ne s\u2019agit pas d\u2019un atelier de portage<br>classique car nous ne verrons pas l\u2019installation en d\u00e9tails.<\/h5>\n\n\n\n<p>\u263d\u00a0<strong>30\u20ac<\/strong> \u263e<\/p>\n<\/div><\/div>\n","protected":false},"excerpt":{"rendered":"<p>Essai de portage en condition r\u00e9elle Nous vous proposons un essai de portage lors d\u2019une balade qui vous permettra de tester le portage dans de r\u00e9elles conditions et de trouver le porte b\u00e9b\u00e9 le plus adapt\u00e9 \u00e0 vous et votre enfant. Il ne s\u2019agit pas d\u2019un atelier de portageclassique car nous ne verrons pas l\u2019installation <a class=\"read-more\" href=\"https:\/\/louvedeslunes.com\/index.php\/essai-de-portage-en-condition-reelle\/\">READ MORE<\/a><\/p>\n","protected":false},"author":1,"featured_media":0,"parent":0,"menu_order":0,"comment_status":"closed","ping_status":"closed","template":"page-templates\/full-width-page.php","meta":{"footnotes":""},"class_list":["post-805","page","type-page","status-publish","hentry"],"_links":{"self":[{"href":"https:\/\/louvedeslunes.com\/index.php\/wp-json\/wp\/v2\/pages\/805","targetHints":{"allow":["GET"]}}],"collection":[{"href":"https:\/\/louvedeslunes.com\/index.php\/wp-json\/wp\/v2\/pages"}],"about":[{"href":"https:\/\/louvedeslunes.com\/index.php\/wp-json\/wp\/v2\/types\/page"}],"author":[{"embeddable":true,"href":"https:\/\/louvedeslunes.com\/index.php\/wp-json\/wp\/v2\/users\/1"}],"replies":[{"embeddable":true,"href":"https:\/\/louvedeslunes.com\/index.php\/wp-json\/wp\/v2\/comments?post=805"}],"version-history":[{"count":0,"href":"https:\/\/louvedeslunes.com\/index.php\/wp-json\/wp\/v2\/pages\/805\/revisions"}],"wp:attachment":[{"href":"https:\/\/louvedeslunes.com\/index.php\/wp-json\/wp\/v2\/media?parent=805"}],"curies":[{"name":"wp","href":"https:\/\/api.w.org\/{rel}","templated":true}]}}