{"id":796,"date":"2022-12-19T19:31:05","date_gmt":"2022-12-19T18:31:05","guid":{"rendered":"https:\/\/louvedeslunes.com\/?page_id=796"},"modified":"2023-11-14T13:47:52","modified_gmt":"2023-11-14T12:47:52","slug":"forfait-accouchement-2","status":"publish","type":"page","link":"https:\/\/louvedeslunes.com\/index.php\/forfait-accouchement-2\/","title":{"rendered":""},"content":{"rendered":"\n<div class=\"wp-block-media-text is-stacked-on-mobile\"><figure class=\"wp-block-media-text__media\"><img loading=\"lazy\" decoding=\"async\" width=\"1024\" height=\"1024\" src=\"http:\/\/louvedeslunes.com\/wp-content\/uploads\/2023\/02\/10_20230210_154635_0009-1024x1024.png\" alt=\"\" class=\"wp-image-1099 size-full\" srcset=\"https:\/\/louvedeslunes.com\/wp-content\/uploads\/2023\/02\/10_20230210_154635_0009-1024x1024.png 1024w, https:\/\/louvedeslunes.com\/wp-content\/uploads\/2023\/02\/10_20230210_154635_0009-300x300.png 300w, https:\/\/louvedeslunes.com\/wp-content\/uploads\/2023\/02\/10_20230210_154635_0009-150x150.png 150w, https:\/\/louvedeslunes.com\/wp-content\/uploads\/2023\/02\/10_20230210_154635_0009-768x768.png 768w, https:\/\/louvedeslunes.com\/wp-content\/uploads\/2023\/02\/10_20230210_154635_0009.png 1080w\" sizes=\"auto, (max-width: 1024px) 100vw, 1024px\" \/><\/figure><div class=\"wp-block-media-text__content\">\n<h5 class=\"wp-block-heading\">Forfait accouchement<\/h5>\n\n\n\n<h5 class=\"wp-block-heading\">Ce forfait comprend :<\/h5>\n\n\n\n<p>\u263e&nbsp;<strong>Une garde \u00e0.p.de 37sa \u00e0 42sa<\/strong><br><br>\u263e&nbsp;<strong>Pr\u00e9sence physique permanente (Si d\u00e9sir\u00e9e)<\/strong><br><br>\u263e&nbsp;<strong>Pr\u00e9sence virtuelle permanente (Si d\u00e9sir\u00e9e)<\/strong><br><br>\u263e&nbsp;<strong>Soutien physique et psychologique<\/strong><br><br>\u263e&nbsp;<strong>Dur\u00e9e : en fonction de vous et votre b\u00e9b\u00e9<\/strong><br><br>\u263e<strong>&nbsp;Une Rencontre postnatale comprise<\/strong><\/p>\n\n\n\n<p>\u263d&nbsp;<strong>400\u20ac<\/strong>&nbsp;\u263e<\/p>\n<\/div><\/div>\n","protected":false},"excerpt":{"rendered":"<p>Forfait accouchement Ce forfait comprend : \u263e&nbsp;Une garde \u00e0.p.de 37sa \u00e0 42sa \u263e&nbsp;Pr\u00e9sence physique permanente (Si d\u00e9sir\u00e9e) \u263e&nbsp;Pr\u00e9sence virtuelle permanente (Si d\u00e9sir\u00e9e) \u263e&nbsp;Soutien physique et psychologique \u263e&nbsp;Dur\u00e9e : en fonction de vous et votre b\u00e9b\u00e9 \u263e&nbsp;Une Rencontre postnatale comprise \u263d&nbsp;400\u20ac&nbsp;\u263e<\/p>\n","protected":false},"author":1,"featured_media":0,"parent":0,"menu_order":0,"comment_status":"closed","ping_status":"closed","template":"page-templates\/full-width-page.php","meta":{"footnotes":""},"class_list":["post-796","page","type-page","status-publish","hentry"],"_links":{"self":[{"href":"https:\/\/louvedeslunes.com\/index.php\/wp-json\/wp\/v2\/pages\/796","targetHints":{"allow":["GET"]}}],"collection":[{"href":"https:\/\/louvedeslunes.com\/index.php\/wp-json\/wp\/v2\/pages"}],"about":[{"href":"https:\/\/louvedeslunes.com\/index.php\/wp-json\/wp\/v2\/types\/page"}],"author":[{"embeddable":true,"href":"https:\/\/louvedeslunes.com\/index.php\/wp-json\/wp\/v2\/users\/1"}],"replies":[{"embeddable":true,"href":"https:\/\/louvedeslunes.com\/index.php\/wp-json\/wp\/v2\/comments?post=796"}],"version-history":[{"count":0,"href":"https:\/\/louvedeslunes.com\/index.php\/wp-json\/wp\/v2\/pages\/796\/revisions"}],"wp:attachment":[{"href":"https:\/\/louvedeslunes.com\/index.php\/wp-json\/wp\/v2\/media?parent=796"}],"curies":[{"name":"wp","href":"https:\/\/api.w.org\/{rel}","templated":true}]}}