{"id":787,"date":"2022-12-19T19:29:56","date_gmt":"2022-12-19T18:29:56","guid":{"rendered":"https:\/\/louvedeslunes.com\/?page_id=787"},"modified":"2023-11-14T13:36:05","modified_gmt":"2023-11-14T12:36:05","slug":"rencontre-doula-2","status":"publish","type":"page","link":"https:\/\/louvedeslunes.com\/index.php\/rencontre-doula-2\/","title":{"rendered":""},"content":{"rendered":"\n<h3 class=\"wp-block-heading\"><br><\/h3>\n\n\n\n<div class=\"wp-block-media-text is-stacked-on-mobile\"><figure class=\"wp-block-media-text__media\"><img loading=\"lazy\" decoding=\"async\" width=\"1024\" height=\"1024\" src=\"http:\/\/louvedeslunes.com\/wp-content\/uploads\/2023\/02\/cropped-3_20230206_102919_0002-1024x1024.png\" alt=\"\" class=\"wp-image-998 size-full\" srcset=\"https:\/\/louvedeslunes.com\/wp-content\/uploads\/2023\/02\/cropped-3_20230206_102919_0002-1024x1024.png 1024w, https:\/\/louvedeslunes.com\/wp-content\/uploads\/2023\/02\/cropped-3_20230206_102919_0002-300x300.png 300w, https:\/\/louvedeslunes.com\/wp-content\/uploads\/2023\/02\/cropped-3_20230206_102919_0002-150x150.png 150w, https:\/\/louvedeslunes.com\/wp-content\/uploads\/2023\/02\/cropped-3_20230206_102919_0002-768x768.png 768w, https:\/\/louvedeslunes.com\/wp-content\/uploads\/2023\/02\/cropped-3_20230206_102919_0002.png 1080w\" sizes=\"auto, (max-width: 1024px) 100vw, 1024px\" \/><\/figure><div class=\"wp-block-media-text__content\">\n<h1 class=\"wp-block-heading\">Suivi Pr\u00e9natal<\/h1>\n\n\n\n<h6 class=\"wp-block-heading\">Une rencontre Doula d\u2019environ 1h30 avec Lysandre o\u00f9 vous pourrez aborder diff\u00e9rentes th\u00e9matiques :<br><\/h6>\n\n\n\n<p>\u263e&nbsp;<strong>Pr\u00e9natale<\/strong><br><br>\u263e&nbsp;<strong>Projet de naissance<\/strong><br><br>\u263e&nbsp;<strong>Pr\u00e9paration \u00e0 la naissance<\/strong><br><br>\u263e&nbsp;<strong>Post-partum<\/strong><br><br>\u263e&nbsp;<strong>Allaitement<\/strong><\/p>\n\n\n\n<p>&nbsp; &nbsp; &nbsp; &nbsp; &nbsp; &nbsp; &nbsp; &nbsp; &nbsp; &nbsp; &nbsp; &nbsp; &nbsp; &nbsp; &nbsp; &nbsp; &nbsp; &nbsp; &nbsp; &nbsp; &nbsp;\u263e&nbsp;<strong>60\u20ac<\/strong>&nbsp;\u263d<\/p>\n<\/div><\/div>\n","protected":false},"excerpt":{"rendered":"<p>Suivi Pr\u00e9natal Une rencontre Doula d\u2019environ 1h30 avec Lysandre o\u00f9 vous pourrez aborder diff\u00e9rentes th\u00e9matiques : \u263e&nbsp;Pr\u00e9natale \u263e&nbsp;Projet de naissance \u263e&nbsp;Pr\u00e9paration \u00e0 la naissance \u263e&nbsp;Post-partum \u263e&nbsp;Allaitement &nbsp; &nbsp; &nbsp; &nbsp; &nbsp; &nbsp; &nbsp; &nbsp; &nbsp; &nbsp; &nbsp; &nbsp; &nbsp; &nbsp; &nbsp; &nbsp; &nbsp; &nbsp; &nbsp; &nbsp; &nbsp;\u263e&nbsp;60\u20ac&nbsp;\u263d<\/p>\n","protected":false},"author":1,"featured_media":0,"parent":0,"menu_order":0,"comment_status":"closed","ping_status":"closed","template":"page-templates\/full-width-page.php","meta":{"footnotes":""},"class_list":["post-787","page","type-page","status-publish","hentry"],"_links":{"self":[{"href":"https:\/\/louvedeslunes.com\/index.php\/wp-json\/wp\/v2\/pages\/787","targetHints":{"allow":["GET"]}}],"collection":[{"href":"https:\/\/louvedeslunes.com\/index.php\/wp-json\/wp\/v2\/pages"}],"about":[{"href":"https:\/\/louvedeslunes.com\/index.php\/wp-json\/wp\/v2\/types\/page"}],"author":[{"embeddable":true,"href":"https:\/\/louvedeslunes.com\/index.php\/wp-json\/wp\/v2\/users\/1"}],"replies":[{"embeddable":true,"href":"https:\/\/louvedeslunes.com\/index.php\/wp-json\/wp\/v2\/comments?post=787"}],"version-history":[{"count":0,"href":"https:\/\/louvedeslunes.com\/index.php\/wp-json\/wp\/v2\/pages\/787\/revisions"}],"wp:attachment":[{"href":"https:\/\/louvedeslunes.com\/index.php\/wp-json\/wp\/v2\/media?parent=787"}],"curies":[{"name":"wp","href":"https:\/\/api.w.org\/{rel}","templated":true}]}}