{"id":429,"date":"2022-09-30T14:14:50","date_gmt":"2022-09-30T12:14:50","guid":{"rendered":"https:\/\/louvedeslunes.com\/index.php\/colibri-wp\/"},"modified":"2023-11-14T14:11:17","modified_gmt":"2023-11-14T13:11:17","slug":"colibri-wp","status":"publish","type":"page","link":"https:\/\/louvedeslunes.com\/","title":{"rendered":"Front Page"},"content":{"rendered":"\n<div class=\"wp-block-media-text is-stacked-on-mobile\" style=\"grid-template-columns:52% auto\"><figure class=\"wp-block-media-text__media\"><img loading=\"lazy\" decoding=\"async\" width=\"686\" height=\"686\" src=\"http:\/\/louvedeslunes.com\/wp-content\/uploads\/2022\/09\/cropped-cropped-4.png\" alt=\"\" class=\"wp-image-518 size-full\" srcset=\"https:\/\/louvedeslunes.com\/wp-content\/uploads\/2022\/09\/cropped-cropped-4.png 686w, https:\/\/louvedeslunes.com\/wp-content\/uploads\/2022\/09\/cropped-cropped-4-300x300.png 300w, https:\/\/louvedeslunes.com\/wp-content\/uploads\/2022\/09\/cropped-cropped-4-150x150.png 150w\" sizes=\"auto, (max-width: 686px) 100vw, 686px\" \/><\/figure><div class=\"wp-block-media-text__content\">\n<h5 class=\"wp-block-heading\">Bienvenue sur mon site !<\/h5>\n\n\n\n<p>La p\u00e9rinatalit\u00e9 est une p\u00e9riode de grands changements physiques, \u00e9motionnels et sociaux. C\u2019est une p\u00e9riode de transition importante pour la femme, le couple et la famille.&nbsp;<\/p>\n\n\n\n<p>En tant que Doula, j\u2019ai c\u0153ur \u00e0 vous accompagner dans cette p\u00e9riode de votre vie.\u00a0\u00a0<\/p>\n\n\n\n<p>Et pour le faire au mieux, je me forme en continu pour am\u00e9liorer mes comp\u00e9tences et mes connaissances. Je suis notamment int\u00e9ress\u00e9e par les nouvelles techniques de massage, les derni\u00e8res recherches en p\u00e9rinatalit\u00e9, et les nouvelles approches th\u00e9rapeutiques. Je suis convaincue que la formation continue est essentielle pour offrir les meilleurs soins possibles aux personnes que j\u2019accompagne.&nbsp;<\/p>\n\n\n\n<p>Selon moi le bien-\u00eatre est une composante essentielle de la vie. Il ne s\u2019agit pas seulement d\u2019\u00eatre en bonne sant\u00e9 mentale et physique.&nbsp;<\/p>\n\n\n\n<p>Je suis form\u00e9e en accompagnement p\u00e9rinatal (non m\u00e9dicalis\u00e9), en massotherapie, mais \u00e9galement en portage physiologique et en transformation placentaire.&nbsp;&nbsp;<\/p>\n\n\n\n<h5 class=\"wp-block-heading\">Qu&#8217;est-ce qu&#8217;une doula ?<\/h5>\n\n\n\n<p>Une doula est une femme qui peut guider d&#8217;autres femmes dans toutes les \u00e9tapes de leur vie, mais aussi leur couple lors d&#8217;une conception, d&#8217;une grossesse, d&#8217;un accouchement et tout le post-accouchement.<\/p>\n\n\n\n<p>Je ne suis pas m\u00e9decin ni sage-femme et je ne prendrai donc aucune d\u00e9cision m\u00e9dicale.<\/p>\n\n\n\n<p>Je serais \u00e0 votre \u00e9coute et heureuse de pouvoir vous transmettre mes connaissances.<\/p>\n\n\n\n<p>L&#8217;accompagnement est important pour un accouchement est une naissance en phase avec vos souhaits.<\/p>\n<\/div><\/div>\n","protected":false},"excerpt":{"rendered":"<p>Bienvenue sur mon site ! La p\u00e9rinatalit\u00e9 est une p\u00e9riode de grands changements physiques, \u00e9motionnels et sociaux. C\u2019est une p\u00e9riode de transition importante pour la femme, le couple et la famille.&nbsp; En tant que Doula, j\u2019ai c\u0153ur \u00e0 vous accompagner dans cette p\u00e9riode de votre vie.\u00a0\u00a0 Et pour le faire au mieux, je me forme <a class=\"read-more\" href=\"https:\/\/louvedeslunes.com\/\">READ MORE<\/a><\/p>\n","protected":false},"author":1,"featured_media":0,"parent":0,"menu_order":0,"comment_status":"closed","ping_status":"closed","template":"page-templates\/homepage.php","meta":{"footnotes":""},"class_list":["post-429","page","type-page","status-publish","hentry"],"_links":{"self":[{"href":"https:\/\/louvedeslunes.com\/index.php\/wp-json\/wp\/v2\/pages\/429","targetHints":{"allow":["GET"]}}],"collection":[{"href":"https:\/\/louvedeslunes.com\/index.php\/wp-json\/wp\/v2\/pages"}],"about":[{"href":"https:\/\/louvedeslunes.com\/index.php\/wp-json\/wp\/v2\/types\/page"}],"author":[{"embeddable":true,"href":"https:\/\/louvedeslunes.com\/index.php\/wp-json\/wp\/v2\/users\/1"}],"replies":[{"embeddable":true,"href":"https:\/\/louvedeslunes.com\/index.php\/wp-json\/wp\/v2\/comments?post=429"}],"version-history":[{"count":0,"href":"https:\/\/louvedeslunes.com\/index.php\/wp-json\/wp\/v2\/pages\/429\/revisions"}],"wp:attachment":[{"href":"https:\/\/louvedeslunes.com\/index.php\/wp-json\/wp\/v2\/media?parent=429"}],"curies":[{"name":"wp","href":"https:\/\/api.w.org\/{rel}","templated":true}]}}