{"id":398,"date":"2022-06-23T20:25:20","date_gmt":"2022-06-23T18:25:20","guid":{"rendered":"https:\/\/louvedeslunes.com\/?page_id=398"},"modified":"2023-11-14T13:32:04","modified_gmt":"2023-11-14T12:32:04","slug":"location-de-portage","status":"publish","type":"page","link":"https:\/\/louvedeslunes.com\/index.php\/location-de-portage\/","title":{"rendered":"Location de portage"},"content":{"rendered":"<div class=\"style-277 style-local-398-c1 position-relative\" data-colibri-id=\"398-c1\">\n<div id=\"about\" class=\"h-section h-section-global-spacing d-flex align-items-lg-center align-items-md-center align-items-center style-282 style-local-398-c2 position-relative\" data-colibri-component=\"section\" data-colibri-id=\"398-c2\"><br \/>\n<div class=\"h-section-grid-container h-section-boxed-container\">\n<div class=\"h-row-container gutters-row-lg-0 gutters-row-md-0 gutters-row-0 gutters-row-v-lg-0 gutters-row-v-md-0 gutters-row-v-0 style-283 style-local-398-c3 position-relative\" data-colibri-id=\"398-c3\">\n<div class=\"h-row justify-content-lg-center justify-content-md-center justify-content-center align-items-lg-stretch align-items-md-stretch align-items-stretch gutters-col-lg-0 gutters-col-md-0 gutters-col-0 gutters-col-v-lg-0 gutters-col-v-md-0 gutters-col-v-0\">\n<div class=\"h-column h-column-container d-flex h-col-lg-auto h-col-md-auto h-col-auto style-284-outer style-local-398-c4-outer\">\n<div class=\"d-flex h-flex-basis h-column__inner h-px-lg-0 h-px-md-0 h-px-0 v-inner-lg-0 v-inner-md-0 v-inner-0 style-284 style-local-398-c4 position-relative\" data-colibri-id=\"398-c4\"><br \/>\n<div class=\"w-100 h-y-container h-column__content h-column__v-align flex-basis-100 align-self-lg-start align-self-md-start align-self-start\">\n<div class=\"h-global-transition-all h-heading style-285 style-local-398-c5 position-relative h-element\" data-colibri-id=\"398-c5\">\n<div class=\"h-heading__outer style-285 style-local-398-c5\"><br \/>\n<h5 class=\"\">Location de portage<\/h5>\n<\/div>\n<\/div>\n<div class=\"h-text h-text-component style-287 style-local-398-c6 position-relative h-element\" data-colibri-id=\"398-c6\"><br \/>\n<div class=\"\">\n<p><span style=\"font-weight: 400; font-size: 16px; font-family: 'Open Sans'; color: #46707f;\">Je vous propose un syst\u00e8me de location de portage pour pouvoir les tester en condition r\u00e9elles et \u00e0 votre rythme le portage ou simplement pour vos vacances et excursions.<\/span><br \/><br \/><span style=\"font-weight: 400; font-size: 16px; font-family: 'Open Sans'; color: #46707f;\">Mon id\u00e9e est de vous proposer la location de portage car j\u2019entends trop souvent parler de parents qui ont achet\u00e9 un moyen de portage car untel leur avait conseill\u00e9, sans savoir si ce dernier leur conviendrait. L\u2019avantage de louer un portage permet d\u2019essayer en pleine conscience, \u00e0 votre rythme et en conditions r\u00e9elles un ou plusieurs portages sans pour autant investir de grandes sommes d\u2019argent. Cela permet aussi aux parents qui, le temps d\u2019un week-end ou d\u2019une semaine de vacances, ont envie de troquer la poussette contre un portage, pour pouvoir faire des randonn\u00e9es (plage, montagne,etc.) ou simplement ne pas s\u2019encombrer d\u2019une poussette qui prend de la place dans la voiture ou lors d\u2019un voyage en avion.<\/span><\/p>\n<\/div>\n<\/div>\n<\/div>\n<\/div>\n<\/div>\n<div class=\"h-column h-column-container d-flex h-col-lg-auto h-col-md-auto h-col-auto style-288-outer style-local-398-c7-outer\">\n<div class=\"d-flex h-flex-basis h-column__inner h-ui-empty-state-container h-px-lg-2 h-px-md-2 h-px-2 v-inner-lg-2 v-inner-md-2 v-inner-2 style-288 style-local-398-c7 position-relative\" data-colibri-id=\"398-c7\"><br \/>\n<div class=\"w-100 h-y-container h-column__content h-column__v-align flex-basis-100\">\u00a0<\/div>\n<\/div>\n<\/div>\n<\/div>\n<\/div>\n<\/div>\n<\/div>\n<div id=\"custom-2\" class=\"h-section h-section-global-spacing d-flex align-items-lg-center align-items-md-center align-items-center style-362 style-local-398-c8 position-relative\" data-colibri-component=\"section\" data-colibri-id=\"398-c8\"><br \/>\n<div class=\"h-section-grid-container h-section-boxed-container\">\n<div class=\"h-row-container gutters-row-lg-2 gutters-row-md-2 gutters-row-0 gutters-row-v-lg-2 gutters-row-v-md-2 gutters-row-v-2 style-366 style-local-398-c9 position-relative\" data-colibri-id=\"398-c9\">\n<div class=\"h-row justify-content-lg-center justify-content-md-center justify-content-center align-items-lg-stretch align-items-md-stretch align-items-stretch gutters-col-lg-2 gutters-col-md-2 gutters-col-0 gutters-col-v-lg-2 gutters-col-v-md-2 gutters-col-v-2\">\n<div class=\"h-column h-column-container d-flex h-col-lg-auto h-col-md-auto h-col-auto style-367-outer style-local-398-c10-outer\">\n<div class=\"d-flex h-flex-basis h-column__inner h-px-lg-2 h-px-md-2 h-px-2 v-inner-lg-2 v-inner-md-2 v-inner-2 style-367 style-local-398-c10 position-relative\" data-colibri-id=\"398-c10\"><br \/>\n<div class=\"w-100 h-y-container h-column__content h-column__v-align flex-basis-100 align-self-lg-start align-self-md-start align-self-start\">\n<div class=\"h-text h-text-component style-365 style-local-398-c11 position-relative h-element\" data-colibri-id=\"398-c11\"><br \/>\n<div class=\"\">\n<p>Comment proc\u00e8de-t-on ?<\/p>\n<p>1. Vous choisissez le mod\u00e8le qui vous plait dans la porteb\u00e9b\u00e9th\u00e8que ou lors d\u2019un atelier de portage.<\/p>\n<p>2. Vous choisissez la date de location<\/p>\n<p>3. Vous remplissez et signez le contrat de location<\/p>\n<p>4. On proc\u00e8de au paiement de la caution (prix de la location d\u00e9duit de la caution)<\/p>\n<p>5. Vous venez chercher le portage chez moi ou je proc\u00e8de \u00e0 un envoi (\u00e0 vos frais d\u00e9duit de la caution)<\/p>\n<p>6. Le portage se loue par semaine ou par mois et chaque semaine entam\u00e9e est due<\/p>\n<\/div>\n<\/div>\n<\/div>\n<\/div>\n<\/div>\n<\/div>\n<\/div>\n<div class=\"h-row-container gutters-row-lg-2 gutters-row-md-2 gutters-row-0 gutters-row-v-lg-2 gutters-row-v-md-2 gutters-row-v-2 style-438 style-local-398-c58 position-relative\" data-colibri-id=\"398-c58\">\n<div class=\"h-row justify-content-lg-center justify-content-md-center justify-content-center align-items-lg-stretch align-items-md-stretch align-items-stretch gutters-col-lg-2 gutters-col-md-2 gutters-col-0 gutters-col-v-lg-2 gutters-col-v-md-2 gutters-col-v-2\">\n<div class=\"h-column h-column-container d-flex h-col-lg-auto h-col-md-auto h-col-auto style-439-outer style-local-398-c59-outer\">\n<div class=\"d-flex h-flex-basis h-column__inner h-px-lg-2 h-px-md-2 h-px-2 v-inner-lg-2 v-inner-md-2 v-inner-2 style-439 style-local-398-c59 position-relative\" data-colibri-id=\"398-c59\"><br \/>\n<div class=\"w-100 h-y-container h-column__content h-column__v-align flex-basis-100 align-self-lg-start align-self-md-start align-self-start\">\n<div class=\"d-block style-437 style-local-398-c60 position-relative h-element\" data-colibri-id=\"398-c60\">\n<div class=\"h-image__frame-container-outer\">\n<div class=\"h-image__frame-container\"><br \/><br \/><img loading=\"lazy\" decoding=\"async\" width=\"811\" height=\"151\" class=\"wp-image-983 style-437-image style-local-398-c60-image aligncenter\" src=\"http:\/\/louvedeslunes.com\/wp-content\/uploads\/2023\/02\/cropped-Capture-decran-2023-02-10-142605.png\" srcset=\"https:\/\/louvedeslunes.com\/wp-content\/uploads\/2023\/02\/cropped-Capture-decran-2023-02-10-142605.png 811w, https:\/\/louvedeslunes.com\/wp-content\/uploads\/2023\/02\/cropped-Capture-decran-2023-02-10-142605-300x56.png 300w, https:\/\/louvedeslunes.com\/wp-content\/uploads\/2023\/02\/cropped-Capture-decran-2023-02-10-142605-768x143.png 768w\" sizes=\"auto, (max-width: 811px) 100vw, 811px\" \/>\n<div class=\"h-image__frame h-hide-lg h-hide-md h-hide-sm style-437-frameImage style-local-398-c60-frameImage\">\u00a0<\/div>\n<\/div>\n<\/div>\n<\/div>\n<\/div>\n<\/div>\n<\/div>\n<\/div>\n<\/div>\n<\/div>\n<\/div>\n<div id=\"custom-3\" class=\"h-section h-section-global-spacing d-flex align-items-lg-center align-items-md-center align-items-center style-382 style-local-398-c28 position-relative\" data-colibri-component=\"section\" data-colibri-id=\"398-c28\"><br \/>\n<div class=\"h-section-grid-container h-section-boxed-container\">\n<div class=\"h-row-container gutters-row-lg-2 gutters-row-md-2 gutters-row-0 gutters-row-v-lg-2 gutters-row-v-md-2 gutters-row-v-2 style-385 style-local-398-c29 position-relative\" data-colibri-id=\"398-c29\">\n<div class=\"h-row justify-content-lg-center justify-content-md-center justify-content-center align-items-lg-stretch align-items-md-stretch align-items-stretch gutters-col-lg-2 gutters-col-md-2 gutters-col-0 gutters-col-v-lg-2 gutters-col-v-md-2 gutters-col-v-2\">\n<div class=\"h-column h-column-container d-flex h-col-lg-auto h-col-md-auto h-col-auto style-386-outer style-local-398-c30-outer\">\n<div class=\"d-flex h-flex-basis h-column__inner h-px-lg-2 h-px-md-2 h-px-2 v-inner-lg-2 v-inner-md-2 v-inner-2 style-386 style-local-398-c30 position-relative\" data-colibri-id=\"398-c30\"><br \/>\n<div class=\"w-100 h-y-container h-column__content h-column__v-align flex-basis-100 align-self-lg-start align-self-md-start align-self-start\">\n<div class=\"h-x-container style-387 style-local-398-c31 position-relative h-element\" data-colibri-id=\"398-c31\">\n<div class=\"h-x-container-inner style-dynamic-398-c31-group style-387-spacing style-local-398-c31-spacing\"><span class=\"h-button__outer style-388-outer style-local-398-c32-outer d-inline-flex h-element\"><a class=\"d-flex w-100 align-items-center h-button justify-content-lg-center justify-content-md-center justify-content-center style-388 style-local-398-c32 position-relative\" href=\"https:\/\/louvedeslunes.com\/index.php\/telecharger-le-contrat-de-location-de-portage\/\" data-colibri-id=\"398-c32\"> T\u00e9l\u00e9charger le contrat de location de portage<\/a><br \/><\/span><\/div>\n<\/div>\n<\/div>\n<\/div>\n<\/div>\n<\/div>\n<\/div>\n<div class=\"h-row-container gutters-row-lg-2 gutters-row-md-2 gutters-row-0 gutters-row-v-lg-2 gutters-row-v-md-2 gutters-row-v-2 style-383 style-local-398-c33 position-relative\" data-colibri-id=\"398-c33\">\n<div class=\"h-row justify-content-lg-center justify-content-md-center justify-content-center align-items-lg-stretch align-items-md-stretch align-items-stretch gutters-col-lg-2 gutters-col-md-2 gutters-col-0 gutters-col-v-lg-2 gutters-col-v-md-2 gutters-col-v-2\">\n<div class=\"h-column h-column-container d-flex h-col-lg-auto h-col-md-auto h-col-auto style-384-outer style-local-398-c34-outer\">\n<div class=\"d-flex h-flex-basis h-column__inner h-ui-empty-state-container h-px-lg-2 h-px-md-2 h-px-2 v-inner-lg-2 v-inner-md-2 v-inner-2 style-384 style-local-398-c34 position-relative\" data-colibri-id=\"398-c34\"><br \/>\n<div class=\"w-100 h-y-container h-column__content h-column__v-align flex-basis-100\">\u00a0<\/div>\n<\/div>\n<\/div>\n<\/div>\n<\/div>\n<\/div>\n<\/div>\n<\/div>\n\n\n<figure class=\"wp-block-gallery has-nested-images columns-default is-cropped wp-block-gallery-1 is-layout-flex wp-block-gallery-is-layout-flex\"><\/figure>\n","protected":false},"excerpt":{"rendered":"<p>Location de portage Je vous propose un syst\u00e8me de location de portage pour pouvoir les tester en condition r\u00e9elles et \u00e0 votre rythme le portage ou simplement pour vos vacances et excursions. Mon id\u00e9e est de vous proposer la location de portage car j\u2019entends trop souvent parler de parents qui ont achet\u00e9 un moyen de <a class=\"read-more\" href=\"https:\/\/louvedeslunes.com\/index.php\/location-de-portage\/\">READ MORE<\/a><\/p>\n","protected":false},"author":1,"featured_media":0,"parent":0,"menu_order":0,"comment_status":"closed","ping_status":"closed","template":"page-templates\/full-width-page.php","meta":{"footnotes":""},"class_list":["post-398","page","type-page","status-publish","hentry"],"_links":{"self":[{"href":"https:\/\/louvedeslunes.com\/index.php\/wp-json\/wp\/v2\/pages\/398","targetHints":{"allow":["GET"]}}],"collection":[{"href":"https:\/\/louvedeslunes.com\/index.php\/wp-json\/wp\/v2\/pages"}],"about":[{"href":"https:\/\/louvedeslunes.com\/index.php\/wp-json\/wp\/v2\/types\/page"}],"author":[{"embeddable":true,"href":"https:\/\/louvedeslunes.com\/index.php\/wp-json\/wp\/v2\/users\/1"}],"replies":[{"embeddable":true,"href":"https:\/\/louvedeslunes.com\/index.php\/wp-json\/wp\/v2\/comments?post=398"}],"version-history":[{"count":0,"href":"https:\/\/louvedeslunes.com\/index.php\/wp-json\/wp\/v2\/pages\/398\/revisions"}],"wp:attachment":[{"href":"https:\/\/louvedeslunes.com\/index.php\/wp-json\/wp\/v2\/media?parent=398"}],"curies":[{"name":"wp","href":"https:\/\/api.w.org\/{rel}","templated":true}]}}