{"id":363,"date":"2022-04-28T22:56:31","date_gmt":"2022-04-28T20:56:31","guid":{"rendered":"https:\/\/louvedeslunes.com\/?page_id=363"},"modified":"2022-05-05T13:33:33","modified_gmt":"2022-05-05T11:33:33","slug":"ateliers","status":"publish","type":"page","link":"https:\/\/louvedeslunes.com\/index.php\/ateliers\/","title":{"rendered":"Ateliers"},"content":{"rendered":"\n<p>Tous les ateliers organis\u00e9s par Lysandre seront visibles ici et programm\u00e9s via l&#8217;outil \u00e9v\u00e9nement de Facebook. Pour ne rater aucun de ces \u00e9v\u00e9nements, n&#8217;h\u00e9sitez pas \u00e0 suivre la page en cliquant sur l&#8217;image ci-dessous.<\/p>\n\n\n\n<div class=\"wp-block-image\"><figure class=\"aligncenter size-large is-resized\"><a href=\"https:\/\/www.facebook.com\/LouvedesLunes\"><img loading=\"lazy\" decoding=\"async\" src=\"http:\/\/louvedeslunes.com\/wp-content\/uploads\/2021\/10\/cropped-Logo-Lysandre-1024x925.png\" alt=\"\" class=\"wp-image-240\" width=\"218\" height=\"196\" srcset=\"https:\/\/louvedeslunes.com\/wp-content\/uploads\/2021\/10\/cropped-Logo-Lysandre-1024x925.png 1024w, https:\/\/louvedeslunes.com\/wp-content\/uploads\/2021\/10\/cropped-Logo-Lysandre-300x271.png 300w, https:\/\/louvedeslunes.com\/wp-content\/uploads\/2021\/10\/cropped-Logo-Lysandre-768x694.png 768w, https:\/\/louvedeslunes.com\/wp-content\/uploads\/2021\/10\/cropped-Logo-Lysandre-1536x1387.png 1536w, https:\/\/louvedeslunes.com\/wp-content\/uploads\/2021\/10\/cropped-Logo-Lysandre-2048x1850.png 2048w, https:\/\/louvedeslunes.com\/wp-content\/uploads\/2021\/10\/cropped-Logo-Lysandre-66x60.png 66w\" sizes=\"auto, (max-width: 218px) 100vw, 218px\" \/><\/a><\/figure><\/div>\n\n\n\n<div class=\"wp-block-media-text alignwide is-stacked-on-mobile\" style=\"grid-template-columns:43% auto\"><figure class=\"wp-block-media-text__media\"><img loading=\"lazy\" decoding=\"async\" width=\"813\" height=\"1024\" src=\"https:\/\/louvedeslunes.com\/wp-content\/uploads\/2022\/04\/2-813x1024.jpg\" alt=\"\" class=\"wp-image-378 size-full\" srcset=\"https:\/\/louvedeslunes.com\/wp-content\/uploads\/2022\/04\/2-813x1024.jpg 813w, https:\/\/louvedeslunes.com\/wp-content\/uploads\/2022\/04\/2-238x300.jpg 238w, https:\/\/louvedeslunes.com\/wp-content\/uploads\/2022\/04\/2-768x968.jpg 768w, https:\/\/louvedeslunes.com\/wp-content\/uploads\/2022\/04\/2-1219x1536.jpg 1219w, https:\/\/louvedeslunes.com\/wp-content\/uploads\/2022\/04\/2-1626x2048.jpg 1626w, https:\/\/louvedeslunes.com\/wp-content\/uploads\/2022\/04\/2-48x60.jpg 48w, https:\/\/louvedeslunes.com\/wp-content\/uploads\/2022\/04\/2.jpg 1678w\" sizes=\"auto, (max-width: 813px) 100vw, 813px\" \/><\/figure><div class=\"wp-block-media-text__content\">\n<p style=\"font-size:31px\"><strong>Balade en groupe : <br>\u00c0 la d\u00e9couverte du portage<\/strong>  <\/p>\n\n\n\n<p><strong>Nous vous proposons un essai de portage lors d\u2019une balade qui vous permettra de tester le portage dans de r\u00e9elles conditions et de trouver le porte-b\u00e9b\u00e9 le plus adapt\u00e9 \u00e0 vous et votre enfant. Il ne s\u2019agit pas d\u2019un atelier de portage classique car nous ne verrons pas l\u2019installation en d\u00e9tails.<br>Cela vous permettra \u00e9galement de faire connaissance avec d&#8217;autres parents.<\/strong><\/p>\n<\/div><\/div>\n\n\n\n<div class=\"wp-block-media-text alignwide has-media-on-the-right is-stacked-on-mobile\"><figure class=\"wp-block-media-text__media\"><img loading=\"lazy\" decoding=\"async\" width=\"1024\" height=\"683\" src=\"http:\/\/louvedeslunes.com\/wp-content\/uploads\/2022\/04\/iStock-1042088542-1024x683.jpg\" alt=\"\" class=\"wp-image-376 size-full\" srcset=\"https:\/\/louvedeslunes.com\/wp-content\/uploads\/2022\/04\/iStock-1042088542-1024x683.jpg 1024w, https:\/\/louvedeslunes.com\/wp-content\/uploads\/2022\/04\/iStock-1042088542-300x200.jpg 300w, https:\/\/louvedeslunes.com\/wp-content\/uploads\/2022\/04\/iStock-1042088542-768x512.jpg 768w, https:\/\/louvedeslunes.com\/wp-content\/uploads\/2022\/04\/iStock-1042088542-1536x1024.jpg 1536w, https:\/\/louvedeslunes.com\/wp-content\/uploads\/2022\/04\/iStock-1042088542-2048x1365.jpg 2048w, https:\/\/louvedeslunes.com\/wp-content\/uploads\/2022\/04\/iStock-1042088542-90x60.jpg 90w\" sizes=\"auto, (max-width: 1024px) 100vw, 1024px\" \/><\/figure><div class=\"wp-block-media-text__content\">\n<p style=\"font-size:31px\"><strong>Balade en groupe : papotons autour du portage<\/strong><\/p>\n\n\n\n<p><strong>Cet atelier cible les parents ayant d\u00e9j\u00e0 l\u2019habitude de porter.<br>Cette balade vous permettra de rencontrer d\u2019autres parents de votre r\u00e9gion.<br>vous aurez la possibilit\u00e9 de nous louer un moyen de portage diff\u00e9rent du v\u00f4tre si vous voulez en tester un autre.<\/strong><\/p>\n<\/div><\/div>\n","protected":false},"excerpt":{"rendered":"<p>Tous les ateliers organis\u00e9s par Lysandre seront visibles ici et programm\u00e9s via l&#8217;outil \u00e9v\u00e9nement de Facebook. Pour ne rater aucun de ces \u00e9v\u00e9nements, n&#8217;h\u00e9sitez pas \u00e0 suivre la page en cliquant sur l&#8217;image ci-dessous. Balade en groupe : \u00c0 la d\u00e9couverte du portage Nous vous proposons un essai de portage lors d\u2019une balade qui vous <a class=\"read-more\" href=\"https:\/\/louvedeslunes.com\/index.php\/ateliers\/\">READ MORE<\/a><\/p>\n","protected":false},"author":1,"featured_media":0,"parent":0,"menu_order":0,"comment_status":"closed","ping_status":"closed","template":"","meta":{"footnotes":""},"class_list":["post-363","page","type-page","status-publish","hentry"],"_links":{"self":[{"href":"https:\/\/louvedeslunes.com\/index.php\/wp-json\/wp\/v2\/pages\/363","targetHints":{"allow":["GET"]}}],"collection":[{"href":"https:\/\/louvedeslunes.com\/index.php\/wp-json\/wp\/v2\/pages"}],"about":[{"href":"https:\/\/louvedeslunes.com\/index.php\/wp-json\/wp\/v2\/types\/page"}],"author":[{"embeddable":true,"href":"https:\/\/louvedeslunes.com\/index.php\/wp-json\/wp\/v2\/users\/1"}],"replies":[{"embeddable":true,"href":"https:\/\/louvedeslunes.com\/index.php\/wp-json\/wp\/v2\/comments?post=363"}],"version-history":[{"count":0,"href":"https:\/\/louvedeslunes.com\/index.php\/wp-json\/wp\/v2\/pages\/363\/revisions"}],"wp:attachment":[{"href":"https:\/\/louvedeslunes.com\/index.php\/wp-json\/wp\/v2\/media?parent=363"}],"curies":[{"name":"wp","href":"https:\/\/api.w.org\/{rel}","templated":true}]}}