{"id":249,"date":"2022-02-11T12:51:14","date_gmt":"2022-02-11T11:51:14","guid":{"rendered":"https:\/\/louvedeslunes.com\/?page_id=249"},"modified":"2022-08-31T21:20:13","modified_gmt":"2022-08-31T19:20:13","slug":"rebozo","status":"publish","type":"page","link":"https:\/\/louvedeslunes.com\/index.php\/rebozo\/","title":{"rendered":"Le rituel Rebozo"},"content":{"rendered":"\n<h2 class=\"wp-block-heading\" id=\"qui-sommes-nous\">Qui sommes-nous ?<\/h2>\n\n\n\n<p>Duo insolite et particulier.&nbsp; Notre histoire remonte \u00e0 2013. J&#8217;\u00e9tais la prof de communication de Lysandre. Elle m&#8217;a directement plu. Je la trouvais pleine d&#8217;\u00e9nergie, libre, authentique. C&#8217;est une \u00e9l\u00e8ve qui m&#8217;a marqu\u00e9e. Elle appr\u00e9ciait mon cours, mon humour et ma l\u00e9g\u00e8ret\u00e9.<\/p>\n\n\n\n<p>Quelle surprise quand elle m&#8217;a contact\u00e9 via les conseils de connaissances en commun, pour que je sois sa Doula, sans r\u00e9aliser que j&#8217;\u00e9tais son ancienne prof! Cet accompagnement nous a permis de nous d\u00e9couvrir enti\u00e8rement, sans barri\u00e8re ni jugement, dans un autre cadre. Nous n&#8217;avons jamais perdu le contact m\u00eame le post-partum d\u00e9pass\u00e9. De prof\/\u00e9l\u00e8ve \u00e0 Doula\/cliente, nous avons r\u00e9ellement approfondi notre lien et sommes devenues amies. Nous avons v\u00e9cu les formations de savoir-faire et du Rituel Rebozo ensemble en 2021 en sachant qu&#8217;on voulait donner ces soins ensemble. Nous sommes d&#8217;une part sur la m\u00eame longueur d&#8217;ondes et d&#8217;autre part compl\u00e9mentaires. Chaque soin donn\u00e9 ensemble nous le confirme. Nous formons le Yin et le Yang. Nous aimons prendre soin d&#8217;autrui et d\u00e9sirons vraiment honorer la Femme.<\/p>\n\n\n\n<p><strong>Nos formations<\/strong><\/p>\n\n\n\n<p>Nous sommes toutes les deux massoth\u00e9rapeutes et Doula avec chacune nos sp\u00e9cificit\u00e9s. Nous proposons les Rituels Rebozo ainsi que le soin &#8220;d\u00e9coup\u00e9&#8221; pour permettre \u00e0 chacune de se l&#8217;offrir et de le d\u00e9couvrir.<\/p>\n\n\n\n<p><\/p>\n\n\n\n<p><\/p>\n\n\n\n<h2 class=\"wp-block-heading\" id=\"nos-services\">Nos services<\/h2>\n\n\n\n<p>&#8211; Rituel rebozo: tisane bio+ massage \u00e0 4 mains + hammam + temps de repos + serrage des 7 points cl\u00e9s du corps: 2h30<\/p>\n\n\n\n<p>&#8211; Un temps pour soi: Tisane bio + temps de repos + hammam: 1h&nbsp;<\/p>\n\n\n\n<p>&#8211; Relaxation rebozo: 1h<\/p>\n\n\n\n<p>&#8211; Serrage rebozo: 1h<\/p>\n\n\n\n<p>&#8211; Soin bien-\u00eatre: au choix un massage \u00e0 4 mains ou un serrage au rebozo \u00e0 4 mains + temps de hammam + tisane bio 1h30<\/p>\n\n\n\n<h2 class=\"wp-block-heading\" id=\"qu-est-ce-que-le-rituel-rebozo\">Qu&#8217;est-ce-que le rituel Rebozo ?<\/h2>\n\n\n\n<p>Ce rituel magnifique qui nous vient du Mexique. Le rituel Rebozo est un soin pour la femme dont elle peut b\u00e9n\u00e9ficier \u00e0 tout moment de sa vie, \u00e0 chacun des changements ou \u00e9v\u00e8nements de son existence, de ses premi\u00e8res Lunes jusqu&#8217;\u00e0 la fin de sa vie. C&#8217;est un soin complet, rempli d&#8217;amour et de douceur. Le rituel commence par un temps d&#8217;accueil avec une tisane, s&#8217;ensuivra un massage \u00e0 4 mains, une mont\u00e9e en chaleur du corps, un temps de repos et se terminera par un (re)serrage des 7 points du corps. <\/p>\n\n\n\n<p>C&#8217;est un rituel qu&#8217;on peut offrir ou s&#8217;offrir plusieurs fois. Au gr\u00e9 de nos envies et besoins. C&#8217;est un soin puissant qui vous portera quelques jours encore apr\u00e8s le rituel !<\/p>\n\n\n<div class=\"wp-block-image\">\n<figure class=\"aligncenter size-large\"><img loading=\"lazy\" decoding=\"async\" width=\"1024\" height=\"683\" src=\"https:\/\/louvedeslunes.com\/wp-content\/uploads\/2022\/02\/2022-02-Rebozo-Charlotte-by-PalmC-5179-1-1024x683.jpg\" alt=\"\" class=\"wp-image-318\" srcset=\"https:\/\/louvedeslunes.com\/wp-content\/uploads\/2022\/02\/2022-02-Rebozo-Charlotte-by-PalmC-5179-1-1024x683.jpg 1024w, https:\/\/louvedeslunes.com\/wp-content\/uploads\/2022\/02\/2022-02-Rebozo-Charlotte-by-PalmC-5179-1-300x200.jpg 300w, https:\/\/louvedeslunes.com\/wp-content\/uploads\/2022\/02\/2022-02-Rebozo-Charlotte-by-PalmC-5179-1-768x512.jpg 768w, https:\/\/louvedeslunes.com\/wp-content\/uploads\/2022\/02\/2022-02-Rebozo-Charlotte-by-PalmC-5179-1-1536x1024.jpg 1536w, https:\/\/louvedeslunes.com\/wp-content\/uploads\/2022\/02\/2022-02-Rebozo-Charlotte-by-PalmC-5179-1-2048x1365.jpg 2048w, https:\/\/louvedeslunes.com\/wp-content\/uploads\/2022\/02\/2022-02-Rebozo-Charlotte-by-PalmC-5179-1-90x60.jpg 90w\" sizes=\"auto, (max-width: 1024px) 100vw, 1024px\" \/><\/figure>\n<\/div>\n\n\n<p><\/p>\n\n\n\n<figure class=\"wp-block-gallery has-nested-images columns-default is-cropped wp-block-gallery-1 is-layout-flex wp-block-gallery-is-layout-flex\">\n<figure class=\"wp-block-image size-large is-style-default\"><img loading=\"lazy\" decoding=\"async\" width=\"683\" height=\"1024\" data-id=\"302\" src=\"http:\/\/louvedeslunes.com\/wp-content\/uploads\/2022\/02\/2022-02-Rebozo-Charlotte-by-PalmC-4681-1-683x1024.jpg\" alt=\"\" class=\"wp-image-302\" srcset=\"https:\/\/louvedeslunes.com\/wp-content\/uploads\/2022\/02\/2022-02-Rebozo-Charlotte-by-PalmC-4681-1-683x1024.jpg 683w, https:\/\/louvedeslunes.com\/wp-content\/uploads\/2022\/02\/2022-02-Rebozo-Charlotte-by-PalmC-4681-1-200x300.jpg 200w, https:\/\/louvedeslunes.com\/wp-content\/uploads\/2022\/02\/2022-02-Rebozo-Charlotte-by-PalmC-4681-1-768x1152.jpg 768w, https:\/\/louvedeslunes.com\/wp-content\/uploads\/2022\/02\/2022-02-Rebozo-Charlotte-by-PalmC-4681-1-1024x1536.jpg 1024w, https:\/\/louvedeslunes.com\/wp-content\/uploads\/2022\/02\/2022-02-Rebozo-Charlotte-by-PalmC-4681-1-1365x2048.jpg 1365w, https:\/\/louvedeslunes.com\/wp-content\/uploads\/2022\/02\/2022-02-Rebozo-Charlotte-by-PalmC-4681-1-40x60.jpg 40w, https:\/\/louvedeslunes.com\/wp-content\/uploads\/2022\/02\/2022-02-Rebozo-Charlotte-by-PalmC-4681-1-scaled.jpg 1707w\" sizes=\"auto, (max-width: 683px) 100vw, 683px\" \/><\/figure>\n\n\n\n<figure class=\"wp-block-image size-large\"><img loading=\"lazy\" decoding=\"async\" width=\"1024\" height=\"683\" data-id=\"303\" src=\"https:\/\/louvedeslunes.com\/wp-content\/uploads\/2022\/02\/2022-02-Rebozo-Charlotte-by-PalmC-4682-1024x683.jpg\" alt=\"\" class=\"wp-image-303\" srcset=\"https:\/\/louvedeslunes.com\/wp-content\/uploads\/2022\/02\/2022-02-Rebozo-Charlotte-by-PalmC-4682-1024x683.jpg 1024w, https:\/\/louvedeslunes.com\/wp-content\/uploads\/2022\/02\/2022-02-Rebozo-Charlotte-by-PalmC-4682-300x200.jpg 300w, https:\/\/louvedeslunes.com\/wp-content\/uploads\/2022\/02\/2022-02-Rebozo-Charlotte-by-PalmC-4682-768x512.jpg 768w, https:\/\/louvedeslunes.com\/wp-content\/uploads\/2022\/02\/2022-02-Rebozo-Charlotte-by-PalmC-4682-1536x1024.jpg 1536w, https:\/\/louvedeslunes.com\/wp-content\/uploads\/2022\/02\/2022-02-Rebozo-Charlotte-by-PalmC-4682-2048x1365.jpg 2048w, https:\/\/louvedeslunes.com\/wp-content\/uploads\/2022\/02\/2022-02-Rebozo-Charlotte-by-PalmC-4682-90x60.jpg 90w\" sizes=\"auto, (max-width: 1024px) 100vw, 1024px\" \/><\/figure>\n\n\n\n<figure class=\"wp-block-image size-large\"><img loading=\"lazy\" decoding=\"async\" width=\"1024\" height=\"683\" data-id=\"320\" src=\"https:\/\/louvedeslunes.com\/wp-content\/uploads\/2022\/02\/2022-02-Rebozo-Charlotte-by-PalmC-4693-1-1024x683.jpg\" alt=\"\" class=\"wp-image-320\" srcset=\"https:\/\/louvedeslunes.com\/wp-content\/uploads\/2022\/02\/2022-02-Rebozo-Charlotte-by-PalmC-4693-1-1024x683.jpg 1024w, https:\/\/louvedeslunes.com\/wp-content\/uploads\/2022\/02\/2022-02-Rebozo-Charlotte-by-PalmC-4693-1-300x200.jpg 300w, https:\/\/louvedeslunes.com\/wp-content\/uploads\/2022\/02\/2022-02-Rebozo-Charlotte-by-PalmC-4693-1-768x512.jpg 768w, https:\/\/louvedeslunes.com\/wp-content\/uploads\/2022\/02\/2022-02-Rebozo-Charlotte-by-PalmC-4693-1-1536x1024.jpg 1536w, https:\/\/louvedeslunes.com\/wp-content\/uploads\/2022\/02\/2022-02-Rebozo-Charlotte-by-PalmC-4693-1-2048x1365.jpg 2048w, https:\/\/louvedeslunes.com\/wp-content\/uploads\/2022\/02\/2022-02-Rebozo-Charlotte-by-PalmC-4693-1-90x60.jpg 90w\" sizes=\"auto, (max-width: 1024px) 100vw, 1024px\" \/><\/figure>\n\n\n\n<figure class=\"wp-block-image size-large\"><img loading=\"lazy\" decoding=\"async\" width=\"1024\" height=\"683\" data-id=\"306\" src=\"https:\/\/louvedeslunes.com\/wp-content\/uploads\/2022\/02\/2022-02-Rebozo-Charlotte-by-PalmC-4699-1024x683.jpg\" alt=\"\" class=\"wp-image-306\" srcset=\"https:\/\/louvedeslunes.com\/wp-content\/uploads\/2022\/02\/2022-02-Rebozo-Charlotte-by-PalmC-4699-1024x683.jpg 1024w, https:\/\/louvedeslunes.com\/wp-content\/uploads\/2022\/02\/2022-02-Rebozo-Charlotte-by-PalmC-4699-300x200.jpg 300w, https:\/\/louvedeslunes.com\/wp-content\/uploads\/2022\/02\/2022-02-Rebozo-Charlotte-by-PalmC-4699-768x512.jpg 768w, https:\/\/louvedeslunes.com\/wp-content\/uploads\/2022\/02\/2022-02-Rebozo-Charlotte-by-PalmC-4699-1536x1024.jpg 1536w, https:\/\/louvedeslunes.com\/wp-content\/uploads\/2022\/02\/2022-02-Rebozo-Charlotte-by-PalmC-4699-2048x1365.jpg 2048w, https:\/\/louvedeslunes.com\/wp-content\/uploads\/2022\/02\/2022-02-Rebozo-Charlotte-by-PalmC-4699-90x60.jpg 90w\" sizes=\"auto, (max-width: 1024px) 100vw, 1024px\" \/><\/figure>\n\n\n\n<figure class=\"wp-block-image size-large\"><img loading=\"lazy\" decoding=\"async\" width=\"1024\" height=\"683\" data-id=\"307\" src=\"https:\/\/louvedeslunes.com\/wp-content\/uploads\/2022\/02\/2022-02-Rebozo-Charlotte-by-PalmC-4731-1024x683.jpg\" alt=\"\" class=\"wp-image-307\" srcset=\"https:\/\/louvedeslunes.com\/wp-content\/uploads\/2022\/02\/2022-02-Rebozo-Charlotte-by-PalmC-4731-1024x683.jpg 1024w, https:\/\/louvedeslunes.com\/wp-content\/uploads\/2022\/02\/2022-02-Rebozo-Charlotte-by-PalmC-4731-300x200.jpg 300w, https:\/\/louvedeslunes.com\/wp-content\/uploads\/2022\/02\/2022-02-Rebozo-Charlotte-by-PalmC-4731-768x512.jpg 768w, https:\/\/louvedeslunes.com\/wp-content\/uploads\/2022\/02\/2022-02-Rebozo-Charlotte-by-PalmC-4731-1536x1024.jpg 1536w, https:\/\/louvedeslunes.com\/wp-content\/uploads\/2022\/02\/2022-02-Rebozo-Charlotte-by-PalmC-4731-2048x1365.jpg 2048w, https:\/\/louvedeslunes.com\/wp-content\/uploads\/2022\/02\/2022-02-Rebozo-Charlotte-by-PalmC-4731-90x60.jpg 90w\" sizes=\"auto, (max-width: 1024px) 100vw, 1024px\" \/><\/figure>\n\n\n\n<figure class=\"wp-block-image size-large\"><img loading=\"lazy\" decoding=\"async\" width=\"683\" height=\"1024\" data-id=\"308\" src=\"https:\/\/louvedeslunes.com\/wp-content\/uploads\/2022\/02\/2022-02-Rebozo-Charlotte-by-PalmC-4732-683x1024.jpg\" alt=\"\" class=\"wp-image-308\" srcset=\"https:\/\/louvedeslunes.com\/wp-content\/uploads\/2022\/02\/2022-02-Rebozo-Charlotte-by-PalmC-4732-683x1024.jpg 683w, https:\/\/louvedeslunes.com\/wp-content\/uploads\/2022\/02\/2022-02-Rebozo-Charlotte-by-PalmC-4732-200x300.jpg 200w, https:\/\/louvedeslunes.com\/wp-content\/uploads\/2022\/02\/2022-02-Rebozo-Charlotte-by-PalmC-4732-768x1152.jpg 768w, https:\/\/louvedeslunes.com\/wp-content\/uploads\/2022\/02\/2022-02-Rebozo-Charlotte-by-PalmC-4732-1024x1536.jpg 1024w, https:\/\/louvedeslunes.com\/wp-content\/uploads\/2022\/02\/2022-02-Rebozo-Charlotte-by-PalmC-4732-1365x2048.jpg 1365w, https:\/\/louvedeslunes.com\/wp-content\/uploads\/2022\/02\/2022-02-Rebozo-Charlotte-by-PalmC-4732-40x60.jpg 40w, https:\/\/louvedeslunes.com\/wp-content\/uploads\/2022\/02\/2022-02-Rebozo-Charlotte-by-PalmC-4732-scaled.jpg 1707w\" sizes=\"auto, (max-width: 683px) 100vw, 683px\" \/><\/figure>\n\n\n\n<figure class=\"wp-block-image size-large\"><img loading=\"lazy\" decoding=\"async\" width=\"683\" height=\"1024\" data-id=\"309\" src=\"https:\/\/louvedeslunes.com\/wp-content\/uploads\/2022\/02\/2022-02-Rebozo-Charlotte-by-PalmC-4758-683x1024.jpg\" alt=\"\" class=\"wp-image-309\" srcset=\"https:\/\/louvedeslunes.com\/wp-content\/uploads\/2022\/02\/2022-02-Rebozo-Charlotte-by-PalmC-4758-683x1024.jpg 683w, https:\/\/louvedeslunes.com\/wp-content\/uploads\/2022\/02\/2022-02-Rebozo-Charlotte-by-PalmC-4758-200x300.jpg 200w, https:\/\/louvedeslunes.com\/wp-content\/uploads\/2022\/02\/2022-02-Rebozo-Charlotte-by-PalmC-4758-768x1152.jpg 768w, https:\/\/louvedeslunes.com\/wp-content\/uploads\/2022\/02\/2022-02-Rebozo-Charlotte-by-PalmC-4758-1024x1536.jpg 1024w, https:\/\/louvedeslunes.com\/wp-content\/uploads\/2022\/02\/2022-02-Rebozo-Charlotte-by-PalmC-4758-1365x2048.jpg 1365w, https:\/\/louvedeslunes.com\/wp-content\/uploads\/2022\/02\/2022-02-Rebozo-Charlotte-by-PalmC-4758-40x60.jpg 40w, https:\/\/louvedeslunes.com\/wp-content\/uploads\/2022\/02\/2022-02-Rebozo-Charlotte-by-PalmC-4758-scaled.jpg 1707w\" sizes=\"auto, (max-width: 683px) 100vw, 683px\" \/><\/figure>\n\n\n\n<figure class=\"wp-block-image size-large\"><img loading=\"lazy\" decoding=\"async\" width=\"1024\" height=\"683\" data-id=\"310\" src=\"https:\/\/louvedeslunes.com\/wp-content\/uploads\/2022\/02\/2022-02-Rebozo-Charlotte-by-PalmC-4815-1024x683.jpg\" alt=\"\" class=\"wp-image-310\" srcset=\"https:\/\/louvedeslunes.com\/wp-content\/uploads\/2022\/02\/2022-02-Rebozo-Charlotte-by-PalmC-4815-1024x683.jpg 1024w, https:\/\/louvedeslunes.com\/wp-content\/uploads\/2022\/02\/2022-02-Rebozo-Charlotte-by-PalmC-4815-300x200.jpg 300w, https:\/\/louvedeslunes.com\/wp-content\/uploads\/2022\/02\/2022-02-Rebozo-Charlotte-by-PalmC-4815-768x512.jpg 768w, https:\/\/louvedeslunes.com\/wp-content\/uploads\/2022\/02\/2022-02-Rebozo-Charlotte-by-PalmC-4815-1536x1024.jpg 1536w, https:\/\/louvedeslunes.com\/wp-content\/uploads\/2022\/02\/2022-02-Rebozo-Charlotte-by-PalmC-4815-2048x1365.jpg 2048w, https:\/\/louvedeslunes.com\/wp-content\/uploads\/2022\/02\/2022-02-Rebozo-Charlotte-by-PalmC-4815-90x60.jpg 90w\" sizes=\"auto, (max-width: 1024px) 100vw, 1024px\" \/><\/figure>\n\n\n\n<figure class=\"wp-block-image size-large\"><img loading=\"lazy\" decoding=\"async\" width=\"683\" height=\"1024\" data-id=\"311\" src=\"https:\/\/louvedeslunes.com\/wp-content\/uploads\/2022\/02\/2022-02-Rebozo-Charlotte-by-PalmC-4898-683x1024.jpg\" alt=\"\" class=\"wp-image-311\" srcset=\"https:\/\/louvedeslunes.com\/wp-content\/uploads\/2022\/02\/2022-02-Rebozo-Charlotte-by-PalmC-4898-683x1024.jpg 683w, https:\/\/louvedeslunes.com\/wp-content\/uploads\/2022\/02\/2022-02-Rebozo-Charlotte-by-PalmC-4898-200x300.jpg 200w, https:\/\/louvedeslunes.com\/wp-content\/uploads\/2022\/02\/2022-02-Rebozo-Charlotte-by-PalmC-4898-768x1152.jpg 768w, https:\/\/louvedeslunes.com\/wp-content\/uploads\/2022\/02\/2022-02-Rebozo-Charlotte-by-PalmC-4898-1024x1536.jpg 1024w, https:\/\/louvedeslunes.com\/wp-content\/uploads\/2022\/02\/2022-02-Rebozo-Charlotte-by-PalmC-4898-1365x2048.jpg 1365w, https:\/\/louvedeslunes.com\/wp-content\/uploads\/2022\/02\/2022-02-Rebozo-Charlotte-by-PalmC-4898-40x60.jpg 40w, https:\/\/louvedeslunes.com\/wp-content\/uploads\/2022\/02\/2022-02-Rebozo-Charlotte-by-PalmC-4898-scaled.jpg 1707w\" sizes=\"auto, (max-width: 683px) 100vw, 683px\" \/><\/figure>\n\n\n\n<figure class=\"wp-block-image size-large\"><img loading=\"lazy\" decoding=\"async\" width=\"1024\" height=\"683\" data-id=\"312\" src=\"https:\/\/louvedeslunes.com\/wp-content\/uploads\/2022\/02\/2022-02-Rebozo-Charlotte-by-PalmC-5027-1-1024x683.jpg\" alt=\"\" class=\"wp-image-312\" srcset=\"https:\/\/louvedeslunes.com\/wp-content\/uploads\/2022\/02\/2022-02-Rebozo-Charlotte-by-PalmC-5027-1-1024x683.jpg 1024w, https:\/\/louvedeslunes.com\/wp-content\/uploads\/2022\/02\/2022-02-Rebozo-Charlotte-by-PalmC-5027-1-300x200.jpg 300w, https:\/\/louvedeslunes.com\/wp-content\/uploads\/2022\/02\/2022-02-Rebozo-Charlotte-by-PalmC-5027-1-768x512.jpg 768w, https:\/\/louvedeslunes.com\/wp-content\/uploads\/2022\/02\/2022-02-Rebozo-Charlotte-by-PalmC-5027-1-1536x1024.jpg 1536w, https:\/\/louvedeslunes.com\/wp-content\/uploads\/2022\/02\/2022-02-Rebozo-Charlotte-by-PalmC-5027-1-2048x1365.jpg 2048w, https:\/\/louvedeslunes.com\/wp-content\/uploads\/2022\/02\/2022-02-Rebozo-Charlotte-by-PalmC-5027-1-90x60.jpg 90w\" sizes=\"auto, (max-width: 1024px) 100vw, 1024px\" \/><\/figure>\n\n\n\n<figure class=\"wp-block-image size-large\"><img loading=\"lazy\" decoding=\"async\" width=\"1024\" height=\"683\" data-id=\"313\" src=\"https:\/\/louvedeslunes.com\/wp-content\/uploads\/2022\/02\/2022-02-Rebozo-Charlotte-by-PalmC-5030-1-1024x683.jpg\" alt=\"\" class=\"wp-image-313\" srcset=\"https:\/\/louvedeslunes.com\/wp-content\/uploads\/2022\/02\/2022-02-Rebozo-Charlotte-by-PalmC-5030-1-1024x683.jpg 1024w, https:\/\/louvedeslunes.com\/wp-content\/uploads\/2022\/02\/2022-02-Rebozo-Charlotte-by-PalmC-5030-1-300x200.jpg 300w, https:\/\/louvedeslunes.com\/wp-content\/uploads\/2022\/02\/2022-02-Rebozo-Charlotte-by-PalmC-5030-1-768x512.jpg 768w, https:\/\/louvedeslunes.com\/wp-content\/uploads\/2022\/02\/2022-02-Rebozo-Charlotte-by-PalmC-5030-1-1536x1024.jpg 1536w, https:\/\/louvedeslunes.com\/wp-content\/uploads\/2022\/02\/2022-02-Rebozo-Charlotte-by-PalmC-5030-1-2048x1365.jpg 2048w, https:\/\/louvedeslunes.com\/wp-content\/uploads\/2022\/02\/2022-02-Rebozo-Charlotte-by-PalmC-5030-1-90x60.jpg 90w\" sizes=\"auto, (max-width: 1024px) 100vw, 1024px\" \/><\/figure>\n\n\n\n<figure class=\"wp-block-image size-large\"><img loading=\"lazy\" decoding=\"async\" width=\"1024\" height=\"683\" data-id=\"314\" src=\"https:\/\/louvedeslunes.com\/wp-content\/uploads\/2022\/02\/2022-02-Rebozo-Charlotte-by-PalmC-5049-1-1024x683.jpg\" alt=\"\" class=\"wp-image-314\" srcset=\"https:\/\/louvedeslunes.com\/wp-content\/uploads\/2022\/02\/2022-02-Rebozo-Charlotte-by-PalmC-5049-1-1024x683.jpg 1024w, https:\/\/louvedeslunes.com\/wp-content\/uploads\/2022\/02\/2022-02-Rebozo-Charlotte-by-PalmC-5049-1-300x200.jpg 300w, https:\/\/louvedeslunes.com\/wp-content\/uploads\/2022\/02\/2022-02-Rebozo-Charlotte-by-PalmC-5049-1-768x512.jpg 768w, https:\/\/louvedeslunes.com\/wp-content\/uploads\/2022\/02\/2022-02-Rebozo-Charlotte-by-PalmC-5049-1-1536x1024.jpg 1536w, https:\/\/louvedeslunes.com\/wp-content\/uploads\/2022\/02\/2022-02-Rebozo-Charlotte-by-PalmC-5049-1-2048x1365.jpg 2048w, https:\/\/louvedeslunes.com\/wp-content\/uploads\/2022\/02\/2022-02-Rebozo-Charlotte-by-PalmC-5049-1-90x60.jpg 90w\" sizes=\"auto, (max-width: 1024px) 100vw, 1024px\" \/><\/figure>\n\n\n\n<figure class=\"wp-block-image size-large\"><img loading=\"lazy\" decoding=\"async\" width=\"1024\" height=\"683\" data-id=\"315\" src=\"https:\/\/louvedeslunes.com\/wp-content\/uploads\/2022\/02\/2022-02-Rebozo-Charlotte-by-PalmC-5086-1-1024x683.jpg\" alt=\"\" class=\"wp-image-315\" srcset=\"https:\/\/louvedeslunes.com\/wp-content\/uploads\/2022\/02\/2022-02-Rebozo-Charlotte-by-PalmC-5086-1-1024x683.jpg 1024w, https:\/\/louvedeslunes.com\/wp-content\/uploads\/2022\/02\/2022-02-Rebozo-Charlotte-by-PalmC-5086-1-300x200.jpg 300w, https:\/\/louvedeslunes.com\/wp-content\/uploads\/2022\/02\/2022-02-Rebozo-Charlotte-by-PalmC-5086-1-768x512.jpg 768w, https:\/\/louvedeslunes.com\/wp-content\/uploads\/2022\/02\/2022-02-Rebozo-Charlotte-by-PalmC-5086-1-1536x1024.jpg 1536w, https:\/\/louvedeslunes.com\/wp-content\/uploads\/2022\/02\/2022-02-Rebozo-Charlotte-by-PalmC-5086-1-2048x1365.jpg 2048w, https:\/\/louvedeslunes.com\/wp-content\/uploads\/2022\/02\/2022-02-Rebozo-Charlotte-by-PalmC-5086-1-90x60.jpg 90w\" sizes=\"auto, (max-width: 1024px) 100vw, 1024px\" \/><\/figure>\n\n\n\n<figure class=\"wp-block-image size-large\"><img loading=\"lazy\" decoding=\"async\" width=\"1024\" height=\"683\" data-id=\"316\" src=\"https:\/\/louvedeslunes.com\/wp-content\/uploads\/2022\/02\/2022-02-Rebozo-Charlotte-by-PalmC-5099-1-1024x683.jpg\" alt=\"\" class=\"wp-image-316\" srcset=\"https:\/\/louvedeslunes.com\/wp-content\/uploads\/2022\/02\/2022-02-Rebozo-Charlotte-by-PalmC-5099-1-1024x683.jpg 1024w, https:\/\/louvedeslunes.com\/wp-content\/uploads\/2022\/02\/2022-02-Rebozo-Charlotte-by-PalmC-5099-1-300x200.jpg 300w, https:\/\/louvedeslunes.com\/wp-content\/uploads\/2022\/02\/2022-02-Rebozo-Charlotte-by-PalmC-5099-1-768x512.jpg 768w, https:\/\/louvedeslunes.com\/wp-content\/uploads\/2022\/02\/2022-02-Rebozo-Charlotte-by-PalmC-5099-1-1536x1024.jpg 1536w, https:\/\/louvedeslunes.com\/wp-content\/uploads\/2022\/02\/2022-02-Rebozo-Charlotte-by-PalmC-5099-1-2048x1365.jpg 2048w, https:\/\/louvedeslunes.com\/wp-content\/uploads\/2022\/02\/2022-02-Rebozo-Charlotte-by-PalmC-5099-1-90x60.jpg 90w\" sizes=\"auto, (max-width: 1024px) 100vw, 1024px\" \/><\/figure>\n\n\n\n<figure class=\"wp-block-image size-large\"><img loading=\"lazy\" decoding=\"async\" width=\"1024\" height=\"683\" data-id=\"317\" src=\"https:\/\/louvedeslunes.com\/wp-content\/uploads\/2022\/02\/2022-02-Rebozo-Charlotte-by-PalmC-5117-1024x683.jpg\" alt=\"\" class=\"wp-image-317\" srcset=\"https:\/\/louvedeslunes.com\/wp-content\/uploads\/2022\/02\/2022-02-Rebozo-Charlotte-by-PalmC-5117-1024x683.jpg 1024w, https:\/\/louvedeslunes.com\/wp-content\/uploads\/2022\/02\/2022-02-Rebozo-Charlotte-by-PalmC-5117-300x200.jpg 300w, https:\/\/louvedeslunes.com\/wp-content\/uploads\/2022\/02\/2022-02-Rebozo-Charlotte-by-PalmC-5117-768x512.jpg 768w, https:\/\/louvedeslunes.com\/wp-content\/uploads\/2022\/02\/2022-02-Rebozo-Charlotte-by-PalmC-5117-1536x1024.jpg 1536w, https:\/\/louvedeslunes.com\/wp-content\/uploads\/2022\/02\/2022-02-Rebozo-Charlotte-by-PalmC-5117-2048x1365.jpg 2048w, https:\/\/louvedeslunes.com\/wp-content\/uploads\/2022\/02\/2022-02-Rebozo-Charlotte-by-PalmC-5117-90x60.jpg 90w\" sizes=\"auto, (max-width: 1024px) 100vw, 1024px\" \/><\/figure>\n<\/figure>\n\n\n\n<blockquote class=\"wp-block-quote is-layout-flow wp-block-quote-is-layout-flow\"><p>J\u2019ai re\u00e7u ce magnifique soin de plus de trois heures par Aline et Lily. Un accueil chaleureux avec une d\u00e9licieuse tisane dans une splendide maison. Pendant plusieurs heures je me suis envol\u00e9e hors du temps. J\u2019ai re\u00e7u un massage \u00e0 4 mains, suivi d\u2019un hammam et enveloppement et ensuite un soin rituel rebozo. Tout cela avec une intention. Je vous assure un total l\u00e2cher prise et un magnifique voyage. Moi qui a toujours froid j\u2019\u00e9tais envelopp\u00e9e d\u2019une belle chaleur. J\u2019avais dur \u00e0 quitter cet endroit et ces magnifiques personnes Aline et Lily pleines de bienveillance et g\u00e9n\u00e9rosit\u00e9. J\u2019esp\u00e8re bien vite pouvoir revivre cela. Encore un tout grand merci<\/p><cite>Marie B.<\/cite><\/blockquote>\n","protected":false},"excerpt":{"rendered":"<p>Qui sommes-nous ? Duo insolite et particulier.&nbsp; Notre histoire remonte \u00e0 2013. J&#8217;\u00e9tais la prof de communication de Lysandre. Elle m&#8217;a directement plu. Je la trouvais pleine d&#8217;\u00e9nergie, libre, authentique. C&#8217;est une \u00e9l\u00e8ve qui m&#8217;a marqu\u00e9e. Elle appr\u00e9ciait mon cours, mon humour et ma l\u00e9g\u00e8ret\u00e9. Quelle surprise quand elle m&#8217;a contact\u00e9 via les conseils de <a class=\"read-more\" href=\"https:\/\/louvedeslunes.com\/index.php\/rebozo\/\">READ MORE<\/a><\/p>\n","protected":false},"author":1,"featured_media":0,"parent":0,"menu_order":0,"comment_status":"closed","ping_status":"closed","template":"","meta":{"footnotes":""},"class_list":["post-249","page","type-page","status-publish","hentry"],"_links":{"self":[{"href":"https:\/\/louvedeslunes.com\/index.php\/wp-json\/wp\/v2\/pages\/249","targetHints":{"allow":["GET"]}}],"collection":[{"href":"https:\/\/louvedeslunes.com\/index.php\/wp-json\/wp\/v2\/pages"}],"about":[{"href":"https:\/\/louvedeslunes.com\/index.php\/wp-json\/wp\/v2\/types\/page"}],"author":[{"embeddable":true,"href":"https:\/\/louvedeslunes.com\/index.php\/wp-json\/wp\/v2\/users\/1"}],"replies":[{"embeddable":true,"href":"https:\/\/louvedeslunes.com\/index.php\/wp-json\/wp\/v2\/comments?post=249"}],"version-history":[{"count":0,"href":"https:\/\/louvedeslunes.com\/index.php\/wp-json\/wp\/v2\/pages\/249\/revisions"}],"wp:attachment":[{"href":"https:\/\/louvedeslunes.com\/index.php\/wp-json\/wp\/v2\/media?parent=249"}],"curies":[{"name":"wp","href":"https:\/\/api.w.org\/{rel}","templated":true}]}}