{"id":15,"date":"2021-05-20T23:06:28","date_gmt":"2021-05-20T21:06:28","guid":{"rendered":"http:\/\/louvedeslunes.com\/?page_id=15"},"modified":"2023-11-14T13:29:32","modified_gmt":"2023-11-14T12:29:32","slug":"presentation","status":"publish","type":"page","link":"https:\/\/louvedeslunes.com\/index.php\/presentation\/","title":{"rendered":"Pr\u00e9sentation"},"content":{"rendered":"\n<div class=\"wp-block-media-text is-stacked-on-mobile\"><figure class=\"wp-block-media-text__media\"><img loading=\"lazy\" decoding=\"async\" width=\"1024\" height=\"947\" src=\"http:\/\/louvedeslunes.com\/wp-content\/uploads\/2022\/04\/cropped-2-1024x947.jpg\" alt=\"\" class=\"wp-image-673 size-full\" srcset=\"https:\/\/louvedeslunes.com\/wp-content\/uploads\/2022\/04\/cropped-2-1024x947.jpg 1024w, https:\/\/louvedeslunes.com\/wp-content\/uploads\/2022\/04\/cropped-2-300x277.jpg 300w, https:\/\/louvedeslunes.com\/wp-content\/uploads\/2022\/04\/cropped-2-768x710.jpg 768w, https:\/\/louvedeslunes.com\/wp-content\/uploads\/2022\/04\/cropped-2-1536x1421.jpg 1536w, https:\/\/louvedeslunes.com\/wp-content\/uploads\/2022\/04\/cropped-2.jpg 1677w\" sizes=\"auto, (max-width: 1024px) 100vw, 1024px\" \/><\/figure><div class=\"wp-block-media-text__content\">\n<h5 class=\"wp-block-heading\">Qui suis-je?<\/h5>\n\n\n\n<h4 class=\"wp-block-heading\">Je m&#8217;appelle Lysandre et je suis doula.<\/h4>\n\n\n\n<p>Lorsque l\u2019on choisit de devenir doula, on accepte aussi de se former en continu, car le domaine de la p\u00e9rinatalit\u00e9 et de l\u2019accompagnement de la petite enfance est large. Au d\u00e9part, notre formation de doula est assez \u00e9tendue, nous touchons un peu \u00e0 tout, et au fil du temps, chacune d\u2019entre nous d\u00e9couvre ses affinit\u00e9s (pr\u00e9conceptionnel, deuil, allaitement, aromath\u00e9rapie,\u2026) et se sp\u00e9cialise ensuite dans les domaines qui l\u2019int\u00e9ressent.<\/p>\n\n\n\n<p>Personnellement, je suis non seulement form\u00e9e en portage et allaitement, mais aussi praticienne rebozo. Lors de nos rencontres, nous pouvons donc aborder de nombreux sujets comme \u201cle projet de naissance\u201d (o\u00f9 accoucher ? H\u00f4pital, maison de naissance, \u00e0 domicile,..), les craintes, la fratrie, ce que l\u2019on veut et ce que l\u2019on ne veut pas,\u2026<\/p>\n\n\n\n<p>Travailler certaines positions physiologiques qui aident \u00e0 l\u2019accouchement,\u2026 A partir de la 37eme semaine, je suis de garde pour r\u00e9pondre \u00e0 d\u2019\u00e9ventuelles questions et peux \u00eatre pr\u00e9sente \u00e0 l\u2019accouchement si vous le d\u00e9sirez.<\/p>\n\n\n\n<p>Je reste bien entendu \u00e0 votre disposition pour r\u00e9pondre \u00e0 vos questions et vous accompagner au mieux dans cette magnifique aventure.<\/p>\n<\/div><\/div>\n","protected":false},"excerpt":{"rendered":"<p>Qui suis-je? Je m&#8217;appelle Lysandre et je suis doula. Lorsque l\u2019on choisit de devenir doula, on accepte aussi de se former en continu, car le domaine de la p\u00e9rinatalit\u00e9 et de l\u2019accompagnement de la petite enfance est large. Au d\u00e9part, notre formation de doula est assez \u00e9tendue, nous touchons un peu \u00e0 tout, et au <a class=\"read-more\" href=\"https:\/\/louvedeslunes.com\/index.php\/presentation\/\">READ MORE<\/a><\/p>\n","protected":false},"author":1,"featured_media":104,"parent":0,"menu_order":0,"comment_status":"closed","ping_status":"closed","template":"page-templates\/full-width-page.php","meta":{"footnotes":""},"class_list":["post-15","page","type-page","status-publish","has-post-thumbnail","hentry"],"_links":{"self":[{"href":"https:\/\/louvedeslunes.com\/index.php\/wp-json\/wp\/v2\/pages\/15","targetHints":{"allow":["GET"]}}],"collection":[{"href":"https:\/\/louvedeslunes.com\/index.php\/wp-json\/wp\/v2\/pages"}],"about":[{"href":"https:\/\/louvedeslunes.com\/index.php\/wp-json\/wp\/v2\/types\/page"}],"author":[{"embeddable":true,"href":"https:\/\/louvedeslunes.com\/index.php\/wp-json\/wp\/v2\/users\/1"}],"replies":[{"embeddable":true,"href":"https:\/\/louvedeslunes.com\/index.php\/wp-json\/wp\/v2\/comments?post=15"}],"version-history":[{"count":0,"href":"https:\/\/louvedeslunes.com\/index.php\/wp-json\/wp\/v2\/pages\/15\/revisions"}],"wp:featuredmedia":[{"embeddable":true,"href":"https:\/\/louvedeslunes.com\/index.php\/wp-json\/wp\/v2\/media\/104"}],"wp:attachment":[{"href":"https:\/\/louvedeslunes.com\/index.php\/wp-json\/wp\/v2\/media?parent=15"}],"curies":[{"name":"wp","href":"https:\/\/api.w.org\/{rel}","templated":true}]}}