{"id":1286,"date":"2023-11-14T14:25:00","date_gmt":"2023-11-14T13:25:00","guid":{"rendered":"https:\/\/louvedeslunes.com\/?page_id=1286"},"modified":"2025-07-30T16:03:36","modified_gmt":"2025-07-30T14:03:36","slug":"massage","status":"publish","type":"page","link":"https:\/\/louvedeslunes.com\/index.php\/massage\/","title":{"rendered":""},"content":{"rendered":"\n<div class=\"wp-block-media-text is-stacked-on-mobile\"><figure class=\"wp-block-media-text__media\"><img loading=\"lazy\" decoding=\"async\" width=\"1024\" height=\"1024\" src=\"https:\/\/louvedeslunes.com\/wp-content\/uploads\/2023\/11\/12-1024x1024.png\" alt=\"\" class=\"wp-image-1287 size-full\" srcset=\"https:\/\/louvedeslunes.com\/wp-content\/uploads\/2023\/11\/12-1024x1024.png 1024w, https:\/\/louvedeslunes.com\/wp-content\/uploads\/2023\/11\/12-300x300.png 300w, https:\/\/louvedeslunes.com\/wp-content\/uploads\/2023\/11\/12-150x150.png 150w, https:\/\/louvedeslunes.com\/wp-content\/uploads\/2023\/11\/12-768x768.png 768w, https:\/\/louvedeslunes.com\/wp-content\/uploads\/2023\/11\/12.png 1080w\" sizes=\"auto, (max-width: 1024px) 100vw, 1024px\" \/><\/figure><div class=\"wp-block-media-text__content\">\n<p>Le massage est une pratique ancestrale qui apporte de nombreux bienfaits pour la sant\u00e9 et le bien-\u00eatre. Il est utilis\u00e9 depuis des si\u00e8cles pour soulager la douleur, r\u00e9duire le stress, am\u00e9liorer la circulation sanguine et lymphatique, et favoriser la relaxation.&nbsp;<\/p>\n\n\n\n<p>Massage Harmonisant 60 minutes<\/p>\n\n\n\n<p>\u263e&nbsp;<strong>70\u20ac<\/strong>&nbsp;\u263d<\/p>\n\n\n\n<p><\/p>\n\n\n\n<p><\/p>\n\n\n\n<p>Massage Pr\u00e9 Conceptionnel<br>Massage Pr\u00e9natal<br>Massage Post-natal<br>Massage Deuil<br>Massage F\u00e9minin<\/p>\n\n\n\n<p>\u263e&nbsp;<strong>80\u20ac<\/strong>&nbsp;\u263d<\/p>\n\n\n\n<div class=\"wp-block-buttons is-layout-flex wp-block-buttons-is-layout-flex\">\n<div class=\"wp-block-button has-custom-width wp-block-button__width-75 is-style-outline is-style-outline--1\"><a class=\"wp-block-button__link wp-element-button\" href=\"https:\/\/booking.optios.net\/21818\" target=\"_blank\" rel=\"noreferrer noopener\">R\u00e9servez votre soin<\/a><\/div>\n<\/div>\n\n\n\n<div class=\"wp-block-group alignfull has-text-color has-background\" style=\"color:#000000;background-color:#ffffff\"><div class=\"wp-block-group__inner-container is-layout-flow wp-block-group-is-layout-flow\">\n<div class=\"wp-block-buttons is-horizontal is-content-justification-center is-layout-flex wp-container-core-buttons-is-layout-499968f5 wp-block-buttons-is-layout-flex\"><\/div>\n<\/div><\/div>\n<\/div><\/div>\n\n\n\n<p><\/p>\n","protected":false},"excerpt":{"rendered":"","protected":false},"author":1,"featured_media":0,"parent":0,"menu_order":0,"comment_status":"closed","ping_status":"closed","template":"","meta":{"footnotes":""},"class_list":["post-1286","page","type-page","status-publish","hentry"],"_links":{"self":[{"href":"https:\/\/louvedeslunes.com\/index.php\/wp-json\/wp\/v2\/pages\/1286","targetHints":{"allow":["GET"]}}],"collection":[{"href":"https:\/\/louvedeslunes.com\/index.php\/wp-json\/wp\/v2\/pages"}],"about":[{"href":"https:\/\/louvedeslunes.com\/index.php\/wp-json\/wp\/v2\/types\/page"}],"author":[{"embeddable":true,"href":"https:\/\/louvedeslunes.com\/index.php\/wp-json\/wp\/v2\/users\/1"}],"replies":[{"embeddable":true,"href":"https:\/\/louvedeslunes.com\/index.php\/wp-json\/wp\/v2\/comments?post=1286"}],"version-history":[{"count":0,"href":"https:\/\/louvedeslunes.com\/index.php\/wp-json\/wp\/v2\/pages\/1286\/revisions"}],"wp:attachment":[{"href":"https:\/\/louvedeslunes.com\/index.php\/wp-json\/wp\/v2\/media?parent=1286"}],"curies":[{"name":"wp","href":"https:\/\/api.w.org\/{rel}","templated":true}]}}